{"id":12781,"date":"2019-01-07T17:20:49","date_gmt":"2019-01-07T17:20:49","guid":{"rendered":"http:\/\/sindaspcg.org.br\/wp\/?page_id=12781"},"modified":"2020-07-28T17:17:21","modified_gmt":"2020-07-28T17:17:21","slug":"palavra-do-presidente","status":"publish","type":"page","link":"https:\/\/sindaspcg.org.br\/wp\/palavra-do-presidente\/","title":{"rendered":"PALAVRA DO PRESIDENTE"},"content":{"rendered":"<p>[et_pb_section fb_built=&#8221;1&#8243; custom_padding_last_edited=&#8221;off|desktop&#8221; admin_label=&#8221;Hero&#8221; _builder_version=&#8221;3.22&#8243; use_background_color_gradient=&#8221;on&#8221; background_color_gradient_start=&#8221;#ffffff&#8221; background_color_gradient_end=&#8221;#e7edf9&#8243; custom_margin=&#8221;||-92px|||&#8221; custom_padding=&#8221;3px||1px|||&#8221; custom_padding_tablet=&#8221;130px||130px|&#8221;][\/et_pb_section][et_pb_section fb_built=&#8221;1&#8243; _builder_version=&#8221;3.22&#8243; min_height=&#8221;594px&#8221;][et_pb_row _builder_version=&#8221;4.0.7&#8243; background_size=&#8221;initial&#8221; background_position=&#8221;top_left&#8221; background_repeat=&#8221;repeat&#8221; custom_margin=&#8221;-90px|auto|-37px|auto||&#8221; custom_padding=&#8221;22px|||||&#8221;][et_pb_column type=&#8221;4_4&#8243; _builder_version=&#8221;3.25&#8243; custom_padding=&#8221;|||&#8221; custom_padding__hover=&#8221;|||&#8221;][et_pb_text _builder_version=&#8221;4.0.7&#8243; text_font=&#8221;Play||||||||&#8221; header_font=&#8221;Play|700|||||||&#8221; header_font_size=&#8221;46px&#8221; header_line_height=&#8221;1.3em&#8221; text_orientation=&#8221;center&#8221; max_width=&#8221;700px&#8221; module_alignment=&#8221;center&#8221; min_height=&#8221;86px&#8221; custom_margin=&#8221;2px||0px|||&#8221; custom_padding=&#8221;126px||24px|||&#8221; animation_direction=&#8221;top&#8221;]<\/p>\n<h1>PALAVRA DO PRESIDENTE<\/h1>\n<p>[\/et_pb_text][et_pb_divider show_divider=&#8221;off&#8221; _builder_version=&#8221;4.0.7&#8243; max_width=&#8221;90px&#8221; max_width_tablet=&#8221;12%&#8221; max_width_last_edited=&#8221;off|desktop&#8221; module_alignment=&#8221;center&#8221; custom_margin=&#8221;|||&#8221; animation_style=&#8221;flip&#8221; animation_delay=&#8221;50ms&#8221;][\/et_pb_divider][\/et_pb_column][\/et_pb_row][et_pb_row column_structure=&#8221;3_4,1_4&#8243; _builder_version=&#8221;3.25&#8243; background_size=&#8221;initial&#8221; background_position=&#8221;top_left&#8221; background_repeat=&#8221;repeat&#8221; min_height=&#8221;801px&#8221; custom_margin=&#8221;-16px|auto||auto||&#8221; custom_padding=&#8221;1px|||||&#8221;][et_pb_column type=&#8221;3_4&#8243; _builder_version=&#8221;3.25&#8243; custom_padding=&#8221;|||&#8221; custom_padding__hover=&#8221;|||&#8221;][et_pb_text _builder_version=&#8221;3.27.4&#8243;]<strong>Dos Intervenientes do Com\u00e9rcio Exterior: o Despachante Aduaneiro e recentes publica\u00e7\u00f5es da Receita Federal do Brasil<\/strong><\/p>\n<p>A Nota 2 ao Artigo 808 do Regulamento Aduaneiro descreve quais s\u00e3o as atividades relacionadas ao despacho aduaneiro, elencando-as nos incisos I a VII, bem como disp\u00f5e este artigo sobre a forma de investidura nas fun\u00e7\u00f5es de despachante aduaneiro. O exerc\u00edcio da profiss\u00e3o de despachante aduaneiro somente \u00e9 permitido \u00e0 pessoa f\u00edsica inscrita, respectivamente, no Registro de Despachantes Aduaneiros, mantidos pela Secretaria da Receita Federal do Brasil (RFB). O Artigo 809 descreve quem poder\u00e1 representar o importador, o exportador no exerc\u00edcio das atividades referidas no artigo 808, bem assim em outras opera\u00e7\u00f5es de com\u00e9rcio exterior (Decreto-Lei n\u00ba 2.472, de 1988. Art. 5\u00ba, caput e \u00a71\u00ba), sendo o despachante aduaneiro, o representante legal, em qualquer caso,Inciso IV.O despachante aduaneiro \u00e9 uma das pessoas expressamente autorizadas e credenciadas no Sistema de Com\u00e9rcio Exterior \u2013 SISCOMEX. \u00c9 legalmente considerado um interveniente nas opera\u00e7\u00f5es de com\u00e9rcio exterior.<\/p>\n<p>O tomador dos servi\u00e7os do despachante aduaneiro \u00e9 o importador, o exportador, o viajante procedente do exterior em rela\u00e7\u00e3o \u00e0 sua bagagem.<\/p>\n<p>De acordo com o artigo 5\u00ba, \u00a7 2\u00ba, do Decreto-lei n\u00ba 2.472, de 1.9.88, o Despachante Aduaneiro tem sua remunera\u00e7\u00e3o designada por Honor\u00e1rios, os quais s\u00e3o pagos por interm\u00e9dio dos sindicatos de classe, que ret\u00e9m o imposto de renda na fonte e devolvem o valor l\u00edquido aos profissionais. O artigo 719 do Regulamento do Imposto de Renda, baixado com o Decreto n\u00ba 3.000, de 25.12.99 (RIR\/99) regulamenta essa norma legal. A Portaria n\u00ba 78, de 2004, da SRRF-8a. RF disp\u00f5e que os honor\u00e1rios de despachantes aduaneiros devem ser pagos por interm\u00e9dio das entidades de classe para fins de reten\u00e7\u00e3o do imposto de renda na fonte.<\/p>\n<p>Chamamos aten\u00e7\u00e3o para os recentes of\u00edcios e Portarias emitidos pelos Inspetores-Chefes das Regi\u00f5es Fiscais da Receita Federal do Brasil (RFB),inclusive o Sr. Jo\u00e3o de Figueiredo Cruz, inspetor-chefe da delegacia da Receita Federal da 8\u00aa Regi\u00e3o Fiscal, em S\u00e3o Paulo, onde alertam os despachantes aduaneiros, importadores e exportadores para o fiel cumprimento do recolhimento dos tributos decorrentes da recep\u00e7\u00e3o dos honor\u00e1rios da categoria.<\/p>\n<p>A Receita Federal iniciou a fiscaliza\u00e7\u00e3o sobre o recolhimento de tributos decorrentes da recep\u00e7\u00e3o dos Honor\u00e1rios pelos Despachantes Aduaneiros em todo o territ\u00f3rio Nacional, sendo eles o Imposto de Renda e a Contribui\u00e7\u00e3o Previdenci\u00e1ria.<\/p>\n<p>Em trecho do documento, do Of\u00edcio n\u00ba 129\/2016 RFB\/ALF\/SPO\/GABIN\/Circular, o Inspetor da 8\u00aa Regi\u00e3o Fiscal alerta: \u201cPeriodicamente, a ALF\/SP poder\u00e1 efetuar levantamentos e dilig\u00eancias com vistas a apurar a regularidade na declara\u00e7\u00e3o dos valores decorrentes da cobran\u00e7a desses honor\u00e1rios e encaminhar\u00e1 informa\u00e7\u00f5es \u00e0s Delegacias da RFB, conforme o caso, para as provid\u00eancias concernentes \u00e0 fiscaliza\u00e7\u00e3o do Imposto de Renda e da Contribui\u00e7\u00e3o Previdenci\u00e1ria incidentes sobre essas receitas.\u201d<\/p>\n<p>Foram expedidos of\u00edcios semelhantes pelos inspetores de Vit\u00f3ria\/ES, Rio de Janeiro, Santos\/SP, Belo Horizonte, S\u00e3o Paulo e Porto de Paranagu\u00e1 orientando os profissionais da \u00e1rea de Com\u00e9rcio Exterior a este respeito.<\/p>\n<p>Marcos Farneze<br \/>\nPresidente do SINDASP<br \/>\nPalavra do Presidente<br \/>\n[\/et_pb_text][\/et_pb_column][et_pb_column type=&#8221;1_4&#8243; _builder_version=&#8221;3.25&#8243; custom_padding=&#8221;|||&#8221; custom_padding__hover=&#8221;|||&#8221;][et_pb_team_member name=&#8221;Marcos Farneze&#8221; position=&#8221;Presidente&#8221; image_url=&#8221;http:\/\/sindaspcg.org.br\/wp\/wp-content\/uploads\/2018\/08\/marcos_farneze.png&#8221; _builder_version=&#8221;3.15&#8243;][\/et_pb_team_member][\/et_pb_column][\/et_pb_row][\/et_pb_section][et_pb_section fb_built=&#8221;1&#8243; admin_label=&#8221;Subscribe&#8221; _builder_version=&#8221;4.0.7&#8243; background_color=&#8221;#0C71C3&#8243; background_blend=&#8221;soft-light&#8221; width=&#8221;100%&#8221; max_width=&#8221;100%&#8221; min_height=&#8221;100px&#8221; max_height=&#8221;100px&#8221; custom_margin=&#8221;||-31px|||&#8221; custom_padding=&#8221;37px|0px|100px|0px||&#8221; global_module=&#8221;435&#8243;][et_pb_row _builder_version=&#8221;3.25&#8243;][et_pb_column type=&#8221;4_4&#8243; _builder_version=&#8221;3.25&#8243; custom_padding=&#8221;|||&#8221; custom_padding__hover=&#8221;|||&#8221;][et_pb_social_media_follow follow_button=&#8221;on&#8221; _builder_version=&#8221;3.2.2&#8243; background_layout=&#8221;dark&#8221; min_height=&#8221;39px&#8221; custom_margin=&#8221;-45px|||||&#8221; custom_padding=&#8221;||1px|||&#8221; saved_tabs=&#8221;all&#8221;][et_pb_social_media_follow_network social_network=&#8221;facebook&#8221; url=&#8221;https:\/\/www.facebook.com\/sindasp.aduaneiros\/&#8221; _builder_version=&#8221;3.2.2&#8243; background_color=&#8221;#3b5998&#8243; follow_button=&#8221;on&#8221; url_new_window=&#8221;on&#8221;] Facebook [\/et_pb_social_media_follow_network][et_pb_social_media_follow_network social_network=&#8221;twitter&#8221; url=&#8221;https:\/\/twitter.com\/sindasp_oficial&#8221; _builder_version=&#8221;3.2.2&#8243; background_color=&#8221;#00aced&#8221; follow_button=&#8221;on&#8221; url_new_window=&#8221;on&#8221;] Twitter [\/et_pb_social_media_follow_network][et_pb_social_media_follow_network social_network=&#8221;linkedin&#8221; url=&#8221;https:\/\/pt.linkedin.com\/company\/sindasp&#8212;sindicato-dos-despachantes-aduaneiros-de-s\u00e3o-paulo&#8221; _builder_version=&#8221;3.2.2&#8243; background_color=&#8221;#007bb6&#8243; follow_button=&#8221;on&#8221; url_new_window=&#8221;on&#8221;] LinkedIn [\/et_pb_social_media_follow_network][\/et_pb_social_media_follow][et_pb_text _builder_version=&#8221;3.27.4&#8243; background_layout=&#8221;dark&#8221;]<\/p>\n<h2>Conhe\u00e7a nossas m\u00eddias sociais<\/h2>\n<p>[\/et_pb_text][\/et_pb_column][\/et_pb_row][\/et_pb_section]<\/p>\n","protected":false},"excerpt":{"rendered":"<p>[et_pb_section fb_built=&#8221;1&#8243; custom_padding_last_edited=&#8221;off|desktop&#8221; admin_label=&#8221;Hero&#8221; _builder_version=&#8221;3.22&#8243; use_background_color_gradient=&#8221;on&#8221; background_color_gradient_start=&#8221;#ffffff&#8221; background_color_gradient_end=&#8221;#e7edf9&#8243; custom_margin=&#8221;||-92px|||&#8221; custom_padding=&#8221;3px||1px|||&#8221; custom_padding_tablet=&#8221;130px||130px|&#8221;][\/et_pb_section][et_pb_section fb_built=&#8221;1&#8243; _builder_version=&#8221;3.22&#8243; min_height=&#8221;594px&#8221;][et_pb_row _builder_version=&#8221;4.0.7&#8243; background_size=&#8221;initial&#8221; background_position=&#8221;top_left&#8221; background_repeat=&#8221;repeat&#8221; custom_margin=&#8221;-90px|auto|-37px|auto||&#8221; custom_padding=&#8221;22px|||||&#8221;][et_pb_column type=&#8221;4_4&#8243; _builder_version=&#8221;3.25&#8243; custom_padding=&#8221;|||&#8221; custom_padding__hover=&#8221;|||&#8221;][et_pb_text _builder_version=&#8221;4.0.7&#8243; text_font=&#8221;Play||||||||&#8221; header_font=&#8221;Play|700|||||||&#8221; header_font_size=&#8221;46px&#8221; header_line_height=&#8221;1.3em&#8221; text_orientation=&#8221;center&#8221; max_width=&#8221;700px&#8221; module_alignment=&#8221;center&#8221; min_height=&#8221;86px&#8221; custom_margin=&#8221;2px||0px|||&#8221; custom_padding=&#8221;126px||24px|||&#8221; animation_direction=&#8221;top&#8221;] PALAVRA DO PRESIDENTE [\/et_pb_text][et_pb_divider show_divider=&#8221;off&#8221; _builder_version=&#8221;4.0.7&#8243; max_width=&#8221;90px&#8221; max_width_tablet=&#8221;12%&#8221; max_width_last_edited=&#8221;off|desktop&#8221; module_alignment=&#8221;center&#8221; custom_margin=&#8221;|||&#8221; animation_style=&#8221;flip&#8221; animation_delay=&#8221;50ms&#8221;][\/et_pb_divider][\/et_pb_column][\/et_pb_row][et_pb_row column_structure=&#8221;3_4,1_4&#8243; _builder_version=&#8221;3.25&#8243; background_size=&#8221;initial&#8221; background_position=&#8221;top_left&#8221; background_repeat=&#8221;repeat&#8221; min_height=&#8221;801px&#8221; [&hellip;]<\/p>\n","protected":false},"author":1,"featured_media":0,"parent":0,"menu_order":0,"comment_status":"closed","ping_status":"closed","template":"page-template-fullwidth.php","meta":{"_acf_changed":false,"_et_pb_use_builder":"on","_et_pb_old_content":"<p>[et_pb_section bb_built=\"1\" admin_label=\"Hero\" custom_padding_last_edited=\"off|desktop\" _builder_version=\"3.0.105\" use_background_color_gradient=\"on\" background_color_gradient_start=\"#ffffff\" background_color_gradient_end=\"#e7edf9\" custom_margin=\"|||\" custom_padding=\"100px||100px|\" custom_padding_tablet=\"130px||130px|\" next_background_color=\"#f5f9fb\"][et_pb_row custom_margin=\"|||\" _builder_version=\"3.0.105\" background_size=\"initial\" background_position=\"top_left\" background_repeat=\"repeat\"][et_pb_column type=\"4_4\"][et_pb_text _builder_version=\"3.2.2\" text_font=\"Play||||||||\" header_font=\"Play|700|||||||\" header_font_size=\"46px\" header_line_height=\"1.3em\" text_orientation=\"center\" max_width=\"700px\" module_alignment=\"center\" custom_margin=\"||0px|\" animation_style=\"flip\" animation_direction=\"top\"]<\/p><h1>Presidentes do SINDASP<\/h1><p>[\/et_pb_text][et_pb_divider color=\"#4646c4\" show_divider=\"on\" divider_position=\"center\" divider_weight=\"2px\" _builder_version=\"3.0.105\" max_width=\"90px\" max_width_tablet=\"12%\" max_width_last_edited=\"off|desktop\" module_alignment=\"center\" custom_margin=\"|||\" animation_style=\"flip\" animation_delay=\"50ms\" \/][\/et_pb_column][\/et_pb_row][\/et_pb_section][et_pb_section bb_built=\"1\" background_color=\"#f5f9fb\" _builder_version=\"3.0.101\" custom_padding=\"100px||100px|\" prev_background_color=\"#ffffff\" next_background_color=\"#313476\"][et_pb_row][et_pb_column type=\"2_3\"][et_pb_team_member _builder_version=\"3.2.2\" name=\"Antonio Suplicy e Souza\" position=\"Per\u00edodo: 03\/12\/49 \u00e0 07\/07\/52\" image_url=\"http:\/\/sindaspcg.org.br\/wp\/wp-content\/uploads\/2018\/08\/1.gif\" border_radii_image=\"on|10px|10px|10px|10px\" \/][et_pb_team_member _builder_version=\"3.2.2\" name=\"Sildo Gouveia\" position=\"Per\u00edodo: 07\/07\/52 \u00e0 06\/07\/56\" image_url=\"http:\/\/sindaspcg.org.br\/wp\/wp-content\/uploads\/2018\/08\/2.gif\" border_radii_image=\"on|10px|10px|10px|10px\" \/][et_pb_team_member _builder_version=\"3.2.2\" name=\"Laurindo Mucci\" position=\"Per\u00edodo: 06\/07\/56 \u00e0 05\/08\/70\" image_url=\"http:\/\/sindaspcg.org.br\/wp\/wp-content\/uploads\/2018\/08\/3.gif\" border_radii_image=\"on|10px|10px|10px|10px\" border_color_all_image=\"#000000\" \/][et_pb_team_member _builder_version=\"3.2.2\" name=\"Luis Teixeira\" position=\"Per\u00edodo: 05\/08\/70 \u00e0 08\/07\/74\" image_url=\"http:\/\/sindaspcg.org.br\/wp\/wp-content\/uploads\/2018\/08\/4.gif\" border_radii_image=\"on|10px|10px|10px|10px\" border_color_all_image=\"#000000\" \/][et_pb_team_member _builder_version=\"3.2.2\" name=\"Laurindo Mucci\" position=\"Per\u00edodo: 08\/07\/74 \u00e0 13\/07\/95\" image_url=\"http:\/\/sindaspcg.org.br\/wp\/wp-content\/uploads\/2018\/08\/3.gif\" border_radii_image=\"on|10px|10px|10px|10px\" border_color_all_image=\"#000000\" \/][et_pb_team_member _builder_version=\"3.2.2\" name=\"Valdir Aparecido do Santos\" position=\"Per\u00edodo: 13\/07\/95 \u00e0 06\/02\/2014\" image_url=\"http:\/\/sindaspcg.org.br\/wp\/wp-content\/uploads\/2018\/08\/6.png\" border_radii_image=\"on|10px|10px|10px|10px\" border_color_all_image=\"#000000\" \/][et_pb_team_member _builder_version=\"3.2.2\" name=\"Marcos Farneze\" position=\"A partir de: 06\/02\/2014 \/ atual\" image_url=\"http:\/\/sindaspcg.org.br\/wp\/wp-content\/uploads\/2018\/08\/7.png\" border_radii_image=\"on|10px|10px|10px|10px\" border_color_all_image=\"#000000\" \/][\/et_pb_column][et_pb_column type=\"1_3\"][\/et_pb_column][\/et_pb_row][\/et_pb_section][et_pb_section bb_built=\"1\" admin_label=\"Subscribe\" background_color=\"#313476\" _builder_version=\"3.2.2\" background_blend=\"soft-light\" custom_padding=\"100px|0px|100px|0px\" prev_background_color=\"#f5f9fb\" global_module=\"435\"][et_pb_row global_parent=\"435\" _builder_version=\"3.0.101\"][et_pb_column type=\"4_4\"][et_pb_text global_parent=\"435\" _builder_version=\"3.2.2\" background_layout=\"dark\"]<\/p><h2>Conhe\u00e7a nossas m\u00eddias sociais<\/h2><p>[\/et_pb_text][et_pb_social_media_follow global_parent=\"435\" _builder_version=\"3.2.2\" follow_button=\"on\" saved_tabs=\"all\" background_layout=\"dark\"][et_pb_social_media_follow_network _builder_version=\"3.2.2\" social_network=\"facebook\" skype_action=\"call\" url=\"https:\/\/www.facebook.com\/sindasp.aduaneiros\/\" background_color=\"#3b5998\" use_background_color_gradient=\"off\" background_color_gradient_start=\"#2b87da\" background_color_gradient_end=\"#29c4a9\" background_color_gradient_type=\"linear\" background_color_gradient_direction=\"180deg\" background_color_gradient_direction_radial=\"center\" background_color_gradient_start_position=\"0%\" background_color_gradient_end_position=\"100%\" background_color_gradient_overlays_image=\"off\" parallax=\"off\" parallax_method=\"on\" background_size=\"cover\" background_position=\"center\" background_repeat=\"no-repeat\" background_blend=\"normal\" allow_player_pause=\"off\" background_video_pause_outside_viewport=\"on\" box_shadow_style=\"none\"] Facebook [\/et_pb_social_media_follow_network][et_pb_social_media_follow_network _builder_version=\"3.2.2\" social_network=\"twitter\" skype_action=\"call\" url=\"https:\/\/twitter.com\/sindasp_oficial\" background_color=\"#00aced\" use_background_color_gradient=\"off\" background_color_gradient_start=\"#2b87da\" background_color_gradient_end=\"#29c4a9\" background_color_gradient_type=\"linear\" background_color_gradient_direction=\"180deg\" background_color_gradient_direction_radial=\"center\" background_color_gradient_start_position=\"0%\" background_color_gradient_end_position=\"100%\" background_color_gradient_overlays_image=\"off\" parallax=\"off\" parallax_method=\"on\" background_size=\"cover\" background_position=\"center\" background_repeat=\"no-repeat\" background_blend=\"normal\" allow_player_pause=\"off\" background_video_pause_outside_viewport=\"on\" box_shadow_style=\"none\"] Twitter [\/et_pb_social_media_follow_network][et_pb_social_media_follow_network _builder_version=\"3.2.2\" social_network=\"linkedin\" skype_action=\"call\" url=\"https:\/\/pt.linkedin.com\/company\/sindasp---sindicato-dos-despachantes-aduaneiros-de-s\u00e3o-paulo\" background_color=\"#007bb6\" use_background_color_gradient=\"off\" background_color_gradient_start=\"#2b87da\" background_color_gradient_end=\"#29c4a9\" background_color_gradient_type=\"linear\" background_color_gradient_direction=\"180deg\" background_color_gradient_direction_radial=\"center\" background_color_gradient_start_position=\"0%\" background_color_gradient_end_position=\"100%\" background_color_gradient_overlays_image=\"off\" parallax=\"off\" parallax_method=\"on\" background_size=\"cover\" background_position=\"center\" background_repeat=\"no-repeat\" background_blend=\"normal\" allow_player_pause=\"off\" background_video_pause_outside_viewport=\"on\" box_shadow_style=\"none\"] LinkedIn [\/et_pb_social_media_follow_network][\/et_pb_social_media_follow][\/et_pb_column][\/et_pb_row][\/et_pb_section]<\/p>","_et_gb_content_width":"","footnotes":""},"class_list":["post-12781","page","type-page","status-publish","hentry"],"acf":[],"_links":{"self":[{"href":"https:\/\/sindaspcg.org.br\/wp\/wp-json\/wp\/v2\/pages\/12781","targetHints":{"allow":["GET"]}}],"collection":[{"href":"https:\/\/sindaspcg.org.br\/wp\/wp-json\/wp\/v2\/pages"}],"about":[{"href":"https:\/\/sindaspcg.org.br\/wp\/wp-json\/wp\/v2\/types\/page"}],"author":[{"embeddable":true,"href":"https:\/\/sindaspcg.org.br\/wp\/wp-json\/wp\/v2\/users\/1"}],"replies":[{"embeddable":true,"href":"https:\/\/sindaspcg.org.br\/wp\/wp-json\/wp\/v2\/comments?post=12781"}],"version-history":[{"count":12,"href":"https:\/\/sindaspcg.org.br\/wp\/wp-json\/wp\/v2\/pages\/12781\/revisions"}],"predecessor-version":[{"id":12994,"href":"https:\/\/sindaspcg.org.br\/wp\/wp-json\/wp\/v2\/pages\/12781\/revisions\/12994"}],"wp:attachment":[{"href":"https:\/\/sindaspcg.org.br\/wp\/wp-json\/wp\/v2\/media?parent=12781"}],"curies":[{"name":"wp","href":"https:\/\/api.w.org\/{rel}","templated":true}]}}