{"id":232,"date":"2018-08-19T12:43:30","date_gmt":"2018-08-19T12:43:30","guid":{"rendered":"http:\/\/sindaspcg.org.br\/wp\/?page_id=232"},"modified":"2018-08-27T17:08:13","modified_gmt":"2018-08-27T17:08:13","slug":"grh","status":"publish","type":"page","link":"https:\/\/sindaspcg.org.br\/wp\/servicos\/grh\/","title":{"rendered":"GRH"},"content":{"rendered":"<p>[et_pb_section bb_built=&#8221;1&#8243; admin_label=&#8221;Hero&#8221; custom_padding_last_edited=&#8221;off|desktop&#8221; _builder_version=&#8221;3.0.105&#8243; use_background_color_gradient=&#8221;on&#8221; background_color_gradient_start=&#8221;#ffffff&#8221; background_color_gradient_end=&#8221;#e7edf9&#8243; custom_margin=&#8221;|||&#8221; custom_padding=&#8221;100px||100px|&#8221; custom_padding_tablet=&#8221;130px||130px|&#8221; next_background_color=&#8221;#f5f9fb&#8221;][et_pb_row custom_margin=&#8221;|||&#8221; _builder_version=&#8221;3.0.105&#8243; background_size=&#8221;initial&#8221; background_position=&#8221;top_left&#8221; background_repeat=&#8221;repeat&#8221;][et_pb_column type=&#8221;4_4&#8243;][et_pb_text _builder_version=&#8221;3.2.2&#8243; text_font=&#8221;Play||||||||&#8221; header_font=&#8221;Play|700|||||||&#8221; header_font_size=&#8221;46px&#8221; header_line_height=&#8221;1.3em&#8221; text_orientation=&#8221;center&#8221; max_width=&#8221;700px&#8221; module_alignment=&#8221;center&#8221; custom_margin=&#8221;||0px|&#8221; animation_style=&#8221;flip&#8221; animation_direction=&#8221;top&#8221;]<\/p>\n<h1>Grupo GRH<\/h1>\n<p>[\/et_pb_text][et_pb_divider color=&#8221;#4646c4&#8243; show_divider=&#8221;on&#8221; divider_position=&#8221;center&#8221; divider_weight=&#8221;2px&#8221; _builder_version=&#8221;3.0.105&#8243; max_width=&#8221;90px&#8221; max_width_tablet=&#8221;12%&#8221; max_width_last_edited=&#8221;off|desktop&#8221; module_alignment=&#8221;center&#8221; custom_margin=&#8221;|||&#8221; animation_style=&#8221;flip&#8221; animation_delay=&#8221;50ms&#8221; \/][\/et_pb_column][\/et_pb_row][\/et_pb_section][et_pb_section bb_built=&#8221;1&#8243; background_color=&#8221;#f5f9fb&#8221; _builder_version=&#8221;3.0.101&#8243; custom_padding=&#8221;100px||100px|&#8221; prev_background_color=&#8221;#ffffff&#8221; next_background_color=&#8221;#313476&#8243;][et_pb_row][et_pb_column type=&#8221;2_3&#8243;][et_pb_text _builder_version=&#8221;3.2.2&#8243;]<\/p>\n<p>O Grupo GRH foi criado GRH para o combate \u00e0 concorr\u00eancia desleal e em apoio ao recolhimento justo dos honor\u00e1rios dos Despachantes Aduaneiros, em fun\u00e7\u00e3o do recolhimento dos honor\u00e1rios do profissional liberal (Despachante Aduaneiro) ser pago por interm\u00e9dio do sindicato de classe.<\/p>\n<p>Al\u00e9m de participar em audi\u00eancias de concilia\u00e7\u00e3o ou em a\u00e7\u00f5es judiciais contra diversidades no correto procedimento de recolhimento dos honor\u00e1rios, o Grupo GRH se envolve diretamente em den\u00fancias sobre a arrecada\u00e7\u00e3o do IRRF do Despachante Aduaneiro \u00e0 Receita Federal sobre a arrecada\u00e7\u00e3o do IR do Despachante Aduaneiro e os valores que est\u00e3o sendo sonegados daqueles que n\u00e3o recolhem devidamente os honor\u00e1rios dos servi\u00e7os prestados pelo profissional, mostrando, tamb\u00e9m, \u00e0 luz da legisla\u00e7\u00e3o, como funciona a atividade do Despachante Aduaneiro, bem como as leis normas que regulamentam a categoria e o correto recolhimento.<\/p>\n<p>[\/et_pb_text][\/et_pb_column][et_pb_column type=&#8221;1_3&#8243;][\/et_pb_column][\/et_pb_row][\/et_pb_section][et_pb_section bb_built=&#8221;1&#8243; admin_label=&#8221;Subscribe&#8221; background_color=&#8221;#313476&#8243; _builder_version=&#8221;3.2.2&#8243; background_blend=&#8221;soft-light&#8221; custom_padding=&#8221;100px|0px|100px|0px&#8221; global_module=&#8221;435&#8243; prev_background_color=&#8221;#f5f9fb&#8221;][et_pb_row global_parent=&#8221;435&#8243; _builder_version=&#8221;3.0.101&#8243;][et_pb_column type=&#8221;4_4&#8243;][et_pb_text global_parent=&#8221;435&#8243; _builder_version=&#8221;3.2.2&#8243; background_layout=&#8221;dark&#8221;]<\/p>\n<h2>Conhe\u00e7a nossas m\u00eddias sociais<\/h2>\n<p>[\/et_pb_text][et_pb_social_media_follow global_parent=&#8221;435&#8243; _builder_version=&#8221;3.2.2&#8243; follow_button=&#8221;on&#8221; saved_tabs=&#8221;all&#8221; background_layout=&#8221;dark&#8221;][et_pb_social_media_follow_network _builder_version=&#8221;3.2.2&#8243; social_network=&#8221;facebook&#8221; skype_action=&#8221;call&#8221; url=&#8221;https:\/\/www.facebook.com\/sindasp.aduaneiros\/&#8221; background_color=&#8221;#3b5998&#8243; use_background_color_gradient=&#8221;off&#8221; background_color_gradient_start=&#8221;#2b87da&#8221; background_color_gradient_end=&#8221;#29c4a9&#8243; background_color_gradient_type=&#8221;linear&#8221; background_color_gradient_direction=&#8221;180deg&#8221; background_color_gradient_direction_radial=&#8221;center&#8221; background_color_gradient_start_position=&#8221;0%&#8221; background_color_gradient_end_position=&#8221;100%&#8221; background_color_gradient_overlays_image=&#8221;off&#8221; parallax=&#8221;off&#8221; parallax_method=&#8221;on&#8221; background_size=&#8221;cover&#8221; background_position=&#8221;center&#8221; background_repeat=&#8221;no-repeat&#8221; background_blend=&#8221;normal&#8221; allow_player_pause=&#8221;off&#8221; background_video_pause_outside_viewport=&#8221;on&#8221; box_shadow_style=&#8221;none&#8221;] Facebook [\/et_pb_social_media_follow_network][et_pb_social_media_follow_network _builder_version=&#8221;3.2.2&#8243; social_network=&#8221;twitter&#8221; skype_action=&#8221;call&#8221; url=&#8221;https:\/\/twitter.com\/sindasp_oficial&#8221; background_color=&#8221;#00aced&#8221; use_background_color_gradient=&#8221;off&#8221; background_color_gradient_start=&#8221;#2b87da&#8221; background_color_gradient_end=&#8221;#29c4a9&#8243; background_color_gradient_type=&#8221;linear&#8221; background_color_gradient_direction=&#8221;180deg&#8221; background_color_gradient_direction_radial=&#8221;center&#8221; background_color_gradient_start_position=&#8221;0%&#8221; background_color_gradient_end_position=&#8221;100%&#8221; background_color_gradient_overlays_image=&#8221;off&#8221; parallax=&#8221;off&#8221; parallax_method=&#8221;on&#8221; background_size=&#8221;cover&#8221; background_position=&#8221;center&#8221; background_repeat=&#8221;no-repeat&#8221; background_blend=&#8221;normal&#8221; allow_player_pause=&#8221;off&#8221; background_video_pause_outside_viewport=&#8221;on&#8221; box_shadow_style=&#8221;none&#8221;] Twitter [\/et_pb_social_media_follow_network][et_pb_social_media_follow_network _builder_version=&#8221;3.2.2&#8243; social_network=&#8221;linkedin&#8221; skype_action=&#8221;call&#8221; url=&#8221;https:\/\/pt.linkedin.com\/company\/sindasp&#8212;sindicato-dos-despachantes-aduaneiros-de-s\u00e3o-paulo&#8221; background_color=&#8221;#007bb6&#8243; use_background_color_gradient=&#8221;off&#8221; background_color_gradient_start=&#8221;#2b87da&#8221; background_color_gradient_end=&#8221;#29c4a9&#8243; background_color_gradient_type=&#8221;linear&#8221; background_color_gradient_direction=&#8221;180deg&#8221; background_color_gradient_direction_radial=&#8221;center&#8221; background_color_gradient_start_position=&#8221;0%&#8221; background_color_gradient_end_position=&#8221;100%&#8221; background_color_gradient_overlays_image=&#8221;off&#8221; parallax=&#8221;off&#8221; parallax_method=&#8221;on&#8221; background_size=&#8221;cover&#8221; background_position=&#8221;center&#8221; background_repeat=&#8221;no-repeat&#8221; background_blend=&#8221;normal&#8221; allow_player_pause=&#8221;off&#8221; background_video_pause_outside_viewport=&#8221;on&#8221; box_shadow_style=&#8221;none&#8221;] LinkedIn [\/et_pb_social_media_follow_network][\/et_pb_social_media_follow][\/et_pb_column][\/et_pb_row][\/et_pb_section]<\/p>\n","protected":false},"excerpt":{"rendered":"<p>[et_pb_section bb_built=&#8221;1&#8243; admin_label=&#8221;Hero&#8221; custom_padding_last_edited=&#8221;off|desktop&#8221; _builder_version=&#8221;3.0.105&#8243; use_background_color_gradient=&#8221;on&#8221; background_color_gradient_start=&#8221;#ffffff&#8221; background_color_gradient_end=&#8221;#e7edf9&#8243; custom_margin=&#8221;|||&#8221; custom_padding=&#8221;100px||100px|&#8221; custom_padding_tablet=&#8221;130px||130px|&#8221; next_background_color=&#8221;#f5f9fb&#8221;][et_pb_row custom_margin=&#8221;|||&#8221; _builder_version=&#8221;3.0.105&#8243; background_size=&#8221;initial&#8221; background_position=&#8221;top_left&#8221; background_repeat=&#8221;repeat&#8221;][et_pb_column type=&#8221;4_4&#8243;][et_pb_text _builder_version=&#8221;3.2.2&#8243; text_font=&#8221;Play||||||||&#8221; header_font=&#8221;Play|700|||||||&#8221; header_font_size=&#8221;46px&#8221; header_line_height=&#8221;1.3em&#8221; text_orientation=&#8221;center&#8221; max_width=&#8221;700px&#8221; module_alignment=&#8221;center&#8221; custom_margin=&#8221;||0px|&#8221; animation_style=&#8221;flip&#8221; animation_direction=&#8221;top&#8221;] Grupo GRH [\/et_pb_text][et_pb_divider color=&#8221;#4646c4&#8243; show_divider=&#8221;on&#8221; divider_position=&#8221;center&#8221; divider_weight=&#8221;2px&#8221; _builder_version=&#8221;3.0.105&#8243; max_width=&#8221;90px&#8221; max_width_tablet=&#8221;12%&#8221; max_width_last_edited=&#8221;off|desktop&#8221; module_alignment=&#8221;center&#8221; custom_margin=&#8221;|||&#8221; animation_style=&#8221;flip&#8221; animation_delay=&#8221;50ms&#8221; \/][\/et_pb_column][\/et_pb_row][\/et_pb_section][et_pb_section bb_built=&#8221;1&#8243; background_color=&#8221;#f5f9fb&#8221; _builder_version=&#8221;3.0.101&#8243; custom_padding=&#8221;100px||100px|&#8221; prev_background_color=&#8221;#ffffff&#8221; next_background_color=&#8221;#313476&#8243;][et_pb_row][et_pb_column type=&#8221;2_3&#8243;][et_pb_text _builder_version=&#8221;3.2.2&#8243;] O Grupo [&hellip;]<\/p>\n","protected":false},"author":1,"featured_media":0,"parent":234,"menu_order":0,"comment_status":"closed","ping_status":"closed","template":"","meta":{"_acf_changed":false,"_et_pb_use_builder":"on","_et_pb_old_content":"","_et_gb_content_width":"","footnotes":""},"class_list":["post-232","page","type-page","status-publish","hentry"],"acf":[],"_links":{"self":[{"href":"https:\/\/sindaspcg.org.br\/wp\/wp-json\/wp\/v2\/pages\/232","targetHints":{"allow":["GET"]}}],"collection":[{"href":"https:\/\/sindaspcg.org.br\/wp\/wp-json\/wp\/v2\/pages"}],"about":[{"href":"https:\/\/sindaspcg.org.br\/wp\/wp-json\/wp\/v2\/types\/page"}],"author":[{"embeddable":true,"href":"https:\/\/sindaspcg.org.br\/wp\/wp-json\/wp\/v2\/users\/1"}],"replies":[{"embeddable":true,"href":"https:\/\/sindaspcg.org.br\/wp\/wp-json\/wp\/v2\/comments?post=232"}],"version-history":[{"count":2,"href":"https:\/\/sindaspcg.org.br\/wp\/wp-json\/wp\/v2\/pages\/232\/revisions"}],"predecessor-version":[{"id":444,"href":"https:\/\/sindaspcg.org.br\/wp\/wp-json\/wp\/v2\/pages\/232\/revisions\/444"}],"up":[{"embeddable":true,"href":"https:\/\/sindaspcg.org.br\/wp\/wp-json\/wp\/v2\/pages\/234"}],"wp:attachment":[{"href":"https:\/\/sindaspcg.org.br\/wp\/wp-json\/wp\/v2\/media?parent=232"}],"curies":[{"name":"wp","href":"https:\/\/api.w.org\/{rel}","templated":true}]}}